{"id":741,"date":"2022-11-03T08:54:43","date_gmt":"2022-11-03T07:54:43","guid":{"rendered":"https:\/\/mplusdesign.pl.colorbased.pl\/?page_id=741"},"modified":"2023-02-16T12:41:44","modified_gmt":"2023-02-16T11:41:44","slug":"apteka-60","status":"publish","type":"page","link":"https:\/\/mplusdesign.eu\/en\/apteka-60\/","title":{"rendered":"PHARMACY 60+"},"content":{"rendered":"<section class=\"section\" id=\"section_1872088297\">\n\t\t<div class=\"bg section-bg fill bg-fill  bg-loaded\" >\n\n\t\t\t\n\t\t\t\n\t\t\t\n\n\t\t<\/div>\n\n\t\t\n\n\t\t<div class=\"section-content relative\">\n\t\t\t\n\n\n  <div class=\"banner has-hover\" id=\"banner-682489431\">\n          <div class=\"banner-inner fill\">\n        <div class=\"banner-bg fill\" >\n            <div class=\"bg fill bg-fill\"><\/div>\n                                    \n                    <\/div>\n\t\t\n        <div class=\"banner-layers container\">\n            <div class=\"fill banner-link\"><\/div>            \n\n\n        <\/div>\n      <\/div>\n\n            \n<style>\n#banner-682489431 {\n  padding-top: 204px;\n}\n#banner-682489431 .bg.bg-loaded {\n  background-image: url(https:\/\/mplusdesign.eu\/wp-content\/uploads\/2022\/11\/apteka-doz-senior-dostepnosc-lada.webp);\n}\n#banner-682489431 .bg {\n  background-position: 10% 0%;\n}\n#banner-682489431 .ux-shape-divider--top svg {\n  height: 150px;\n  --divider-top-width: 100%;\n}\n#banner-682489431 .ux-shape-divider--bottom svg {\n  height: 150px;\n  --divider-width: 100%;\n}\n@media (min-width:550px) {\n  #banner-682489431 {\n    padding-top: 417px;\n  }\n}\n@media (min-width:850px) {\n  #banner-682489431 {\n    padding-top: 733px;\n  }\n}\n<\/style>\n  <\/div>\n\n\n<div class=\"row\" style=\"max-width:1584px\" id=\"row-1806387244\">\n\n\n\t<div id=\"col-527242209\" class=\"col medium-6 small-12 large-6\"  >\n\t\t\t\t<div class=\"col-inner\"  >\n\t\t\t\n\t\t\t\n\n\t<div id=\"text-1644463037\" class=\"text\">\n\t\t\n\n<h4>PHARMACY 60+<br>\n<\/h4>\n\t\t\n<style>\n#text-1644463037 {\n  font-size: 1rem;\n  color: #061d3c;\n}\n#text-1644463037 > * {\n  color: #061d3c;\n}\n@media (min-width:550px) {\n  #text-1644463037 {\n    font-size: 1.4rem;\n  }\n}\n<\/style>\n\t<\/div>\n\t\n\t<div id=\"text-1590834567\" class=\"text\">\n\t\t\n\n<p><strong>PHARMACY FOR SENIOR DOS<\/strong><\/p>\n\t\t\n<style>\n#text-1590834567 {\n  font-size: 1rem;\n  line-height: 1.25;\n  color: #061d3c;\n}\n#text-1590834567 > * {\n  color: #061d3c;\n}\n@media (min-width:550px) {\n  #text-1590834567 {\n    font-size: 1.8rem;\n    line-height: 1.25;\n  }\n}\n@media (min-width:850px) {\n  #text-1590834567 {\n    line-height: 0.75;\n  }\n}\n<\/style>\n\t<\/div>\n\t\n\n\t\t<\/div>\n\t\t\t\t\n<style>\n#col-527242209 > .col-inner {\n  margin: 62px 0px 0px 0px;\n}\n@media (min-width:550px) {\n  #col-527242209 > .col-inner {\n    margin: 44px 0px 0px 33px;\n  }\n}\n<\/style>\n\t<\/div>\n\n\t\n\n\t<div id=\"col-1836484140\" class=\"col medium-5 small-12 large-5\"  >\n\t\t\t\t<div class=\"col-inner\"  >\n\t\t\t\n\t\t\t\n\n\t<div id=\"text-2542291791\" class=\"text\">\n\t\t\n\n<h5>\nSeniors-Friendly Pharmacy is a pilot project of the DOZ network designed for older customers of pharmacies. Following the company's branding guidelines, we designed a pharmacy equipped with a number of amenities that make it a universal space, in line with the principles of inclusive design.<br>\n<\/h5>\n\t\t\n<style>\n#text-2542291791 {\n  font-size: 0.85rem;\n  line-height: 1.4;\n  color: #061d3c;\n}\n#text-2542291791 > * {\n  color: #061d3c;\n}\n<\/style>\n\t<\/div>\n\t\n\n\t\t<\/div>\n\t\t\t\t\n<style>\n#col-1836484140 > .col-inner {\n  margin: 0px 0px 0px 0px;\n}\n@media (min-width:550px) {\n  #col-1836484140 > .col-inner {\n    margin: 194px 0px 0px 0px;\n  }\n}\n@media (min-width:850px) {\n  #col-1836484140 > .col-inner {\n    margin: 169px 0px 0px 0px;\n  }\n}\n<\/style>\n\t<\/div>\n\n\t\n\n<\/div>\n\n\t\t<\/div>\n\n\t\t\n<style>\n#section_1872088297 {\n  padding-top: 0px;\n  padding-bottom: 0px;\n}\n#section_1872088297 .ux-shape-divider--top svg {\n  height: 150px;\n  --divider-top-width: 100%;\n}\n#section_1872088297 .ux-shape-divider--bottom svg {\n  height: 150px;\n  --divider-width: 100%;\n}\n<\/style>\n\t<\/section>\n\t\n\t<div id=\"gap-1328304601\" class=\"gap-element clearfix show-for-small\" style=\"display:block; height:auto;\">\n\t\t\n<style>\n#gap-1328304601 {\n  padding-top: 30px;\n}\n<\/style>\n\t<\/div>\n\t\n\n\t<div class=\"img has-hover show-for-small x md-x lg-x y md-y lg-y\" id=\"image_1202542283\">\n\t\t\t\t\t\t\t\t<div class=\"img-inner image-cover dark\" style=\"padding-top:56.25%;\">\n\t\t\t<img loading=\"lazy\" decoding=\"async\" width=\"1020\" height=\"692\" src=\"https:\/\/mplusdesign.eu\/wp-content\/uploads\/2022\/10\/apteka-DOZ-senior_1-1024x695.png\" class=\"attachment-large size-large\" alt=\"\" srcset=\"https:\/\/mplusdesign.eu\/wp-content\/uploads\/2022\/10\/apteka-DOZ-senior_1-1024x695.png 1024w, https:\/\/mplusdesign.eu\/wp-content\/uploads\/2022\/10\/apteka-DOZ-senior_1-300x203.png 300w, https:\/\/mplusdesign.eu\/wp-content\/uploads\/2022\/10\/apteka-DOZ-senior_1-768x521.png 768w, https:\/\/mplusdesign.eu\/wp-content\/uploads\/2022\/10\/apteka-DOZ-senior_1.png 1032w\" sizes=\"auto, (max-width: 1020px) 100vw, 1020px\" \/>\t\t\t\t\t\t\n\t\t\t\t\t<\/div>\n\t\t\t\t\t\t\t\t\n<style>\n#image_1202542283 {\n  width: 100%;\n}\n<\/style>\n\t<\/div>\n\t\n\n<div class=\"row\" style=\"max-width:1584px\" id=\"row-1488345725\">\n\n\n\t<div id=\"col-981461785\" class=\"col hide-for-small small-12 large-12\"  >\n\t\t\t\t<div class=\"col-inner\"  >\n\t\t\t\n\t\t\t\n\n\t<section class=\"section\" id=\"section_1821698017\">\n\t\t<div class=\"bg section-bg fill bg-fill  bg-loaded\" >\n\n\t\t\t\n\t\t\t\n\t\t\t\n\n\t\t<\/div>\n\n\t\t\n\n\t\t<div class=\"section-content relative\">\n\t\t\t\n\n\n  <div class=\"banner has-hover\" id=\"banner-1109713165\">\n          <div class=\"banner-inner fill\">\n        <div class=\"banner-bg fill\" >\n            <div class=\"bg fill bg-fill\"><\/div>\n                                    \n                    <\/div>\n\t\t\n        <div class=\"banner-layers container\">\n            <div class=\"fill banner-link\"><\/div>            \n\n\n        <\/div>\n      <\/div>\n\n            \n<style>\n#banner-1109713165 {\n  padding-top: 146px;\n}\n#banner-1109713165 .bg.bg-loaded {\n  background-image: url(https:\/\/mplusdesign.eu\/wp-content\/uploads\/2022\/11\/apteka-doz-senior-dostepnosc-lupa.webp);\n}\n#banner-1109713165 .ux-shape-divider--top svg {\n  height: 150px;\n  --divider-top-width: 100%;\n}\n#banner-1109713165 .ux-shape-divider--bottom svg {\n  height: 150px;\n  --divider-width: 100%;\n}\n@media (min-width:550px) {\n  #banner-1109713165 {\n    padding-top: 371px;\n  }\n}\n@media (min-width:850px) {\n  #banner-1109713165 {\n    padding-top: 736px;\n  }\n}\n<\/style>\n  <\/div>\n\n\n\n\t\t<\/div>\n\n\t\t\n<style>\n#section_1821698017 {\n  padding-top: 0px;\n  padding-bottom: 0px;\n}\n#section_1821698017 .ux-shape-divider--top svg {\n  height: 150px;\n  --divider-top-width: 100%;\n}\n#section_1821698017 .ux-shape-divider--bottom svg {\n  height: 150px;\n  --divider-width: 100%;\n}\n<\/style>\n\t<\/section>\n\t\n\t<div id=\"gap-1088327086\" class=\"gap-element clearfix\" style=\"display:block; height:auto;\">\n\t\t\n<style>\n#gap-1088327086 {\n  padding-top: 21px;\n}\n<\/style>\n\t<\/div>\n\t\n\n\n\t\t<\/div>\n\t\t\t\t\t<\/div>\n\n\t\n\n<\/div>\n<div class=\"row\" style=\"max-width:1584px\" id=\"row-789576317\">\n\n\n\t<div id=\"col-521991398\" class=\"col small-12 large-12\"  >\n\t\t\t\t<div class=\"col-inner\"  >\n\t\t\t\n\t\t\t\n\n\t<section class=\"section\" id=\"section_2101282973\">\n\t\t<div class=\"bg section-bg fill bg-fill  bg-loaded\" >\n\n\t\t\t\n\t\t\t\n\t\t\t\n\n\t\t<\/div>\n\n\t\t\n\n\t\t<div class=\"section-content relative\">\n\t\t\t\n\n\t<div id=\"gap-1385395766\" class=\"gap-element clearfix\" style=\"display:block; height:auto;\">\n\t\t\n<style>\n#gap-1385395766 {\n  padding-top: 0px;\n}\n@media (min-width:550px) {\n  #gap-1385395766 {\n    padding-top: 76px;\n  }\n}\n<\/style>\n\t<\/div>\n\t\n\n<div class=\"row\" style=\"max-width:1403px\" id=\"row-964635995\">\n\n\n\t<div id=\"col-1462575228\" class=\"col medium-6 small-12 large-5\"  >\n\t\t\t\t<div class=\"col-inner\"  >\n\t\t\t\n\t\t\t\n\n\t<div id=\"gap-1219075111\" class=\"gap-element clearfix show-for-small\" style=\"display:block; height:auto;\">\n\t\t\n<style>\n#gap-1219075111 {\n  padding-top: 58px;\n}\n@media (min-width:550px) {\n  #gap-1219075111 {\n    padding-top: 30px;\n  }\n}\n<\/style>\n\t<\/div>\n\t\n\n\t<div id=\"text-3977151417\" class=\"text\">\n\t\t\n\n<p><strong>Customers will find there large, legible text messages in a color contrasted with the background, stable handrails at the counters, a magnifying glass in the counter, a non-slip floor, lowering the counter allowing for comfortable handling of people with mobility disabilities. All these solutions make each patient feel comfortable and safe in the interior we propose. <\/strong><\/p><strong>\n<\/strong><p><strong><\/strong><\/p>\n\t\t\n<style>\n#text-3977151417 {\n  font-size: 0.85rem;\n  line-height: 1.4;\n  color: #061d3c;\n}\n#text-3977151417 > * {\n  color: #061d3c;\n}\n<\/style>\n\t<\/div>\n\t\n\n\t\t<\/div>\n\t\t\t\t\t<\/div>\n\n\t\n\n\t<div id=\"col-1882840831\" class=\"col show-for-medium medium-6 small-12 large-4\"  >\n\t\t\t\t<div class=\"col-inner\"  >\n\t\t\t\n\t\t\t\n\n\t<div id=\"text-1987570709\" class=\"text\">\n\t\t\n\n<table style=\"border-collapse: collapse; width: 253px; height: 149px;\" width=\"128\" cellspacing=\"0\" cellpadding=\"0\" border=\"0\">\n<tbody>\n<tr style=\"height: 15.0pt;\">\n<td style=\"height: 15.0pt; width: 48pt;\" width=\"64\" height=\"20\">\n<h5><span data-text-color=\"primary\"><strong>YEAR OF IMPLEMENTATION&nbsp;<\/strong><\/span><\/h5>\n<\/td>\n<td style=\"width: 48pt;\" width=\"64\"><span data-text-color=\"primary\"><strong>&#8211;<\/strong><\/span><\/td>\n<\/tr>\n<tr style=\"height: 15.0pt;\">\n<td style=\"height: 15.0pt;\" height=\"20\">\n<h5><span data-text-color=\"primary\"><strong>AREA<\/strong><\/span><\/h5>\n<\/td>\n<td><span data-text-color=\"primary\"><strong>&#8211;&nbsp; m\u00b2<\/strong><\/span><\/td>\n<\/tr>\n<tr style=\"height: 15.0pt;\">\n<td style=\"height: 15.0pt;\" height=\"20\">\n<h5><span data-text-color=\"primary\"><strong>LOCATION<br><\/strong><\/span><\/h5>\n<\/td>\n<td><span data-text-color=\"primary\"><strong>\u0141\u00f3d\u017a<\/strong><\/span><\/td>\n<\/tr>\n<\/tbody>\n<\/table>\n\t\t\n<style>\n#text-1987570709 {\n  font-size: 0.75rem;\n}\n<\/style>\n\t<\/div>\n\t\n\n\t\t<\/div>\n\t\t\t\t\t<\/div>\n\n\t\n\n\t<div id=\"col-308775372\" class=\"col hide-for-medium medium-3 small-6 large-4\"  >\n\t\t\t\t<div class=\"col-inner\"  >\n\t\t\t\n\t\t\t\n\n\t<div id=\"text-3073401597\" class=\"text\">\n\t\t\n\n<h5><strong>YEAR OF IMPLEMENTATION<\/strong><\/h5>\n<h5><strong>AREA<\/strong><\/h5>\n<h5><strong>LOCATION<\/strong><\/h5>\n\t\t\n<style>\n#text-3073401597 {\n  font-size: 0.9rem;\n  line-height: 2.85;\n  color: #061d3c;\n}\n#text-3073401597 > * {\n  color: #061d3c;\n}\n<\/style>\n\t<\/div>\n\t\n\n\t\t<\/div>\n\t\t\t\t\n<style>\n#col-308775372 > .col-inner {\n  margin: 29px 0px 0px 0px;\n}\n@media (min-width:550px) {\n  #col-308775372 > .col-inner {\n    margin: 17px 0px 0px 31px;\n  }\n}\n@media (min-width:850px) {\n  #col-308775372 > .col-inner {\n    margin: 17px 0px 0px 132px;\n  }\n}\n<\/style>\n\t<\/div>\n\n\t\n\n\t<div id=\"col-1894800448\" class=\"col hide-for-medium medium-3 small-6 large-3\"  >\n\t\t\t\t<div class=\"col-inner\"  >\n\t\t\t\n\t\t\t\n\n\t<div id=\"text-1118764468\" class=\"text\">\n\t\t\n\n<p><strong>&#8211;<\/strong><\/p>\n<p><strong>&#8211; m\u00b2<\/strong><\/p>\n<p><strong>\u0141\u00f3d\u017a<\/strong><\/p>\n\t\t\n<style>\n#text-1118764468 {\n  font-size: 0.9rem;\n  line-height: 2.3;\n  color: #061d3c;\n}\n#text-1118764468 > * {\n  color: #061d3c;\n}\n<\/style>\n\t<\/div>\n\t\n\n\t\t<\/div>\n\t\t\t\t\n<style>\n#col-1894800448 > .col-inner {\n  margin: 29px 0px 0px 55px;\n}\n@media (min-width:550px) {\n  #col-1894800448 > .col-inner {\n    margin: 16px 0px 0px 9px;\n  }\n}\n@media (min-width:850px) {\n  #col-1894800448 > .col-inner {\n    margin: 17px 0px 0px 84px;\n  }\n}\n<\/style>\n\t<\/div>\n\n\t\n\n<\/div>\n\n\t\t<\/div>\n\n\t\t\n<style>\n#section_2101282973 {\n  padding-top: 0px;\n  padding-bottom: 0px;\n}\n#section_2101282973 .ux-shape-divider--top svg {\n  height: 150px;\n  --divider-top-width: 100%;\n}\n#section_2101282973 .ux-shape-divider--bottom svg {\n  height: 150px;\n  --divider-width: 100%;\n}\n<\/style>\n\t<\/section>\n\t\n\n\t\t<\/div>\n\t\t\t\t\t<\/div>\n\n\t\n\n<\/div>\n\t<div id=\"gap-1854727095\" class=\"gap-element clearfix\" style=\"display:block; height:auto;\">\n\t\t\n<style>\n#gap-1854727095 {\n  padding-top: 22px;\n}\n@media (min-width:550px) {\n  #gap-1854727095 {\n    padding-top: 0px;\n  }\n}\n@media (min-width:850px) {\n  #gap-1854727095 {\n    padding-top: 76px;\n  }\n}\n<\/style>\n\t<\/div>\n\t\n\n\t<div id=\"gap-785048829\" class=\"gap-element clearfix\" style=\"display:block; height:auto;\">\n\t\t\n<style>\n#gap-785048829 {\n  padding-top: 0px;\n}\n@media (min-width:550px) {\n  #gap-785048829 {\n    padding-top: 55px;\n  }\n}\n<\/style>\n\t<\/div>\n\t\n\n<div class=\"row\" style=\"max-width:1584px\" id=\"row-166150599\">\n\n\n\t<div id=\"col-210140277\" class=\"col hide-for-small small-12 large-12\"  >\n\t\t\t\t<div class=\"col-inner\"  >\n\t\t\t\n\t\t\t\n\n\t<section class=\"section\" id=\"section_1784940859\">\n\t\t<div class=\"bg section-bg fill bg-fill  bg-loaded\" >\n\n\t\t\t\n\t\t\t\n\t\t\t\n\n\t\t<\/div>\n\n\t\t\n\n\t\t<div class=\"section-content relative\">\n\t\t\t\n\n\n  <div class=\"banner has-hover\" id=\"banner-1462456670\">\n          <div class=\"banner-inner fill\">\n        <div class=\"banner-bg fill\" >\n            <div class=\"bg fill bg-fill\"><\/div>\n                                    \n                    <\/div>\n\t\t\n        <div class=\"banner-layers container\">\n            <div class=\"fill banner-link\"><\/div>            \n\n\n        <\/div>\n      <\/div>\n\n            \n<style>\n#banner-1462456670 {\n  padding-top: 151px;\n}\n#banner-1462456670 .bg.bg-loaded {\n  background-image: url(https:\/\/mplusdesign.eu\/wp-content\/uploads\/2022\/11\/apteka-doz-senior-dostepnosc-oznaczenie.webp);\n}\n#banner-1462456670 .ux-shape-divider--top svg {\n  height: 150px;\n  --divider-top-width: 100%;\n}\n#banner-1462456670 .ux-shape-divider--bottom svg {\n  height: 150px;\n  --divider-width: 100%;\n}\n@media (min-width:550px) {\n  #banner-1462456670 {\n    padding-top: 456px;\n  }\n}\n@media (min-width:850px) {\n  #banner-1462456670 {\n    padding-top: 738px;\n  }\n}\n<\/style>\n  <\/div>\n\n\n\n\t\t<\/div>\n\n\t\t\n<style>\n#section_1784940859 {\n  padding-top: 0px;\n  padding-bottom: 0px;\n}\n#section_1784940859 .ux-shape-divider--top svg {\n  height: 150px;\n  --divider-top-width: 100%;\n}\n#section_1784940859 .ux-shape-divider--bottom svg {\n  height: 150px;\n  --divider-width: 100%;\n}\n<\/style>\n\t<\/section>\n\t\n\t<div id=\"gap-1110791468\" class=\"gap-element clearfix\" style=\"display:block; height:auto;\">\n\t\t\n<style>\n#gap-1110791468 {\n  padding-top: 136px;\n}\n<\/style>\n\t<\/div>\n\t\n\n\n\t\t<\/div>\n\t\t\t\t\t<\/div>\n\n\t\n\n<\/div>\n\t<div id=\"gap-1838811510\" class=\"gap-element clearfix show-for-small\" style=\"display:block; height:auto;\">\n\t\t\n<style>\n#gap-1838811510 {\n  padding-top: 136px;\n}\n<\/style>\n\t<\/div>\n\t\n\n<div class=\"row show-for-small\"  id=\"row-129407480\">\n\n\n\t<div id=\"col-783060373\" class=\"col small-12 large-12\"  >\n\t\t\t\t<div class=\"col-inner text-center\"  >\n\t\t\t\n\t\t\t\n\n<a href=\"https:\/\/mplusdesign.eu\/en\/salve-szpital\/\" target=\"_self\" class=\"button primary is-outline lowercase\"  style=\"border-radius:99px;\">\n  <i class=\"icon-angle-left\" aria-hidden=\"true\" ><\/i>  <span>Prev<\/span>\n  <\/a>\n\n\n<a href=\"https:\/\/mplusdesign.eu\/en\/gastroenterologia\/\" target=\"_self\" class=\"button primary is-outline lowercase\"  style=\"border-radius:99px;\">\n    <span>Next<\/span>\n  <i class=\"icon-angle-right\" aria-hidden=\"true\" ><\/i><\/a>\n\n\n\n\t\t<\/div>\n\t\t\t\t\t<\/div>\n\n\t\n\n<\/div>\n<div class=\"row hide-for-small\" style=\"max-width:1584px\" id=\"row-685150499\">\n\n\n\t<div id=\"col-1997457356\" class=\"col medium-4 small-12 large-4\"  >\n\t\t\t\t<div class=\"col-inner\"  >\n\t\t\t\n\t\t\t\n\n<a href=\"https:\/\/mplusdesign.eu\/en\/salve-szpital\/\" target=\"_self\" class=\"button primary is-outline lowercase\"  style=\"border-radius:99px;\">\n  <i class=\"icon-angle-left\" aria-hidden=\"true\" ><\/i>  <span>Prev<\/span>\n  <\/a>\n\n\n\n\t\t<\/div>\n\t\t\t\t\t<\/div>\n\n\t\n\n\t<div id=\"col-1674151441\" class=\"col medium-4 small-12 large-4\"  >\n\t\t\t\t<div class=\"col-inner\"  >\n\t\t\t\n\t\t\t\n\n\n\t\t<\/div>\n\t\t\t\t\t<\/div>\n\n\t\n\n\t<div id=\"col-408616574\" class=\"col medium-4 small-12 large-4\"  >\n\t\t\t\t<div class=\"col-inner text-right\"  >\n\t\t\t\n\t\t\t\n\n<a href=\"https:\/\/mplusdesign.eu\/en\/gastroenterologia\/\" target=\"_self\" class=\"button primary is-outline lowercase\"  style=\"border-radius:99px;\">\n    <span>Next<\/span>\n  <i class=\"icon-angle-right\" aria-hidden=\"true\" ><\/i><\/a>\n\n\n\n\t\t<\/div>\n\t\t\t\t\t<\/div>\n\n\t\n\n<\/div>","protected":false},"excerpt":{"rendered":"","protected":false},"author":1,"featured_media":0,"parent":0,"menu_order":0,"comment_status":"closed","ping_status":"closed","template":"page-blank.php","meta":{"footnotes":""},"class_list":["post-741","page","type-page","status-publish","hentry"],"_links":{"self":[{"href":"https:\/\/mplusdesign.eu\/en\/wp-json\/wp\/v2\/pages\/741","targetHints":{"allow":["GET"]}}],"collection":[{"href":"https:\/\/mplusdesign.eu\/en\/wp-json\/wp\/v2\/pages"}],"about":[{"href":"https:\/\/mplusdesign.eu\/en\/wp-json\/wp\/v2\/types\/page"}],"author":[{"embeddable":true,"href":"https:\/\/mplusdesign.eu\/en\/wp-json\/wp\/v2\/users\/1"}],"replies":[{"embeddable":true,"href":"https:\/\/mplusdesign.eu\/en\/wp-json\/wp\/v2\/comments?post=741"}],"version-history":[{"count":17,"href":"https:\/\/mplusdesign.eu\/en\/wp-json\/wp\/v2\/pages\/741\/revisions"}],"predecessor-version":[{"id":1871,"href":"https:\/\/mplusdesign.eu\/en\/wp-json\/wp\/v2\/pages\/741\/revisions\/1871"}],"wp:attachment":[{"href":"https:\/\/mplusdesign.eu\/en\/wp-json\/wp\/v2\/media?parent=741"}],"curies":[{"name":"wp","href":"https:\/\/api.w.org\/{rel}","templated":true}]}}