{"id":720,"date":"2022-11-03T08:48:24","date_gmt":"2022-11-03T07:48:24","guid":{"rendered":"https:\/\/mplusdesign.pl.colorbased.pl\/?page_id=720"},"modified":"2023-08-18T10:28:06","modified_gmt":"2023-08-18T08:28:06","slug":"klinika-medycyny-estetycznej","status":"publish","type":"page","link":"https:\/\/mplusdesign.eu\/en\/projekty\/medycyna-estetyczna-kosmetologia\/klinika-medycyny-estetycznej\/","title":{"rendered":"AESTHETIC MEDICINE CLINIC"},"content":{"rendered":"<section class=\"section\" id=\"section_1312905218\">\n\t\t<div class=\"bg section-bg fill bg-fill  bg-loaded\" >\n\n\t\t\t\n\t\t\t\n\t\t\t\n\n\t\t<\/div>\n\n\t\t\n\n\t\t<div class=\"section-content relative\">\n\t\t\t\n\n\n  <div class=\"banner has-hover\" id=\"banner-789549870\">\n          <div class=\"banner-inner fill\">\n        <div class=\"banner-bg fill\" >\n            <div class=\"bg fill bg-fill\"><\/div>\n                                    \n                    <\/div>\n\t\t\n        <div class=\"banner-layers container\">\n            <div class=\"fill banner-link\"><\/div>            \n\n\n        <\/div>\n      <\/div>\n\n            \n<style>\n#banner-789549870 {\n  padding-top: 204px;\n}\n#banner-789549870 .bg.bg-loaded {\n  background-image: url(https:\/\/mplusdesign.eu\/wp-content\/uploads\/2022\/11\/klinika-medycyna-estetyczna-wnetrze.webp);\n}\n#banner-789549870 .bg {\n  background-position: 100% 30%;\n}\n#banner-789549870 .ux-shape-divider--top svg {\n  height: 150px;\n  --divider-top-width: 100%;\n}\n#banner-789549870 .ux-shape-divider--bottom svg {\n  height: 150px;\n  --divider-width: 100%;\n}\n@media (min-width:550px) {\n  #banner-789549870 {\n    padding-top: 376px;\n  }\n}\n@media (min-width:850px) {\n  #banner-789549870 {\n    padding-top: 755px;\n  }\n}\n<\/style>\n  <\/div>\n\n\n<div class=\"row\" style=\"max-width:1584px\" id=\"row-129050368\">\n\n\n\t<div id=\"col-1137751137\" class=\"col medium-6 small-12 large-6\"  >\n\t\t\t\t<div class=\"col-inner\"  >\n\t\t\t\n\t\t\t\n\n\t<div id=\"text-3607864319\" class=\"text\">\n\t\t\n\n<h4>AESTHETIC MEDICINE CLINIC<\/h4>\n\t\t\n<style>\n#text-3607864319 {\n  font-size: 0.85rem;\n  color: #061d3c;\n}\n#text-3607864319 > * {\n  color: #061d3c;\n}\n@media (min-width:550px) {\n  #text-3607864319 {\n    font-size: 1.4rem;\n  }\n}\n<\/style>\n\t<\/div>\n\t\n\t<div id=\"text-4275768356\" class=\"text\">\n\t\t\n\n<p><strong>MEDICINE AND COSMETOLOGY<\/strong><\/p>\n\t\t\n<style>\n#text-4275768356 {\n  font-size: 1.05rem;\n  line-height: 1.25;\n  color: #061d3c;\n}\n#text-4275768356 > * {\n  color: #061d3c;\n}\n@media (min-width:550px) {\n  #text-4275768356 {\n    font-size: 1.8rem;\n    line-height: 1.25;\n  }\n}\n@media (min-width:850px) {\n  #text-4275768356 {\n    line-height: 0.75;\n  }\n}\n<\/style>\n\t<\/div>\n\t\n\n\t\t<\/div>\n\t\t\t\t\n<style>\n#col-1137751137 > .col-inner {\n  margin: 0px 0px 0px 0px;\n}\n@media (min-width:550px) {\n  #col-1137751137 > .col-inner {\n    margin: 35px 0px 0px 31px;\n  }\n}\n<\/style>\n\t<\/div>\n\n\t\n\n\t<div id=\"col-454811115\" class=\"col medium-6 small-12 large-5\"  >\n\t\t\t\t<div class=\"col-inner\"  >\n\t\t\t\n\t\t\t\n\n\t<div id=\"text-2958537255\" class=\"text\">\n\t\t\n\n<h5>Wysokiej jako\u015bci materia\u0142y, wyrafinowana kolorystyka i dobre wzornictwo element\u00f3w wyposa\u017cenia stwarzaj\u0105 elegancki, dyskretne luksusowy nastr\u00f3j i zapewniaj\u0105 go\u015bciom klinki wysokie poczucie komfortu przebywania w luksusowym wn\u0119trzu medycznym. Po\u0142\u0105czyli\u015bmy do\u015bwiadczenie w projektowaniu du\u017cych obiekt\u00f3w szpitalnych i eleganckich kameralnych wn\u0119trz, by stworzy\u0107 luksusow\u0105 przestrze\u0144 pozwalaj\u0105c\u0105 przeprowadza\u0107 profesjonalne zabiegi chirurgiczne w atmosferze zaufania i relaksu. <\/h5>\n\t\t\n<style>\n#text-2958537255 {\n  font-size: 0.85rem;\n  line-height: 1.4;\n  color: #061d3c;\n}\n#text-2958537255 > * {\n  color: #061d3c;\n}\n<\/style>\n\t<\/div>\n\t\n\n\t\t<\/div>\n\t\t\t\t\n<style>\n#col-454811115 > .col-inner {\n  margin: 0px 0px 0px 0px;\n}\n@media (min-width:550px) {\n  #col-454811115 > .col-inner {\n    margin: 194px 0px 0px 0px;\n  }\n}\n@media (min-width:850px) {\n  #col-454811115 > .col-inner {\n    margin: 142px 0px 0px 15px;\n  }\n}\n<\/style>\n\t<\/div>\n\n\t\n\n<\/div>\n\n\t\t<\/div>\n\n\t\t\n<style>\n#section_1312905218 {\n  padding-top: 0px;\n  padding-bottom: 0px;\n}\n#section_1312905218 .ux-shape-divider--top svg {\n  height: 150px;\n  --divider-top-width: 100%;\n}\n#section_1312905218 .ux-shape-divider--bottom svg {\n  height: 150px;\n  --divider-width: 100%;\n}\n<\/style>\n\t<\/section>\n\t\n<div class=\"row row-collapse align-center\" style=\"max-width:1550px\" id=\"row-753637714\">\n\n\n\t<div id=\"col-529069473\" class=\"col medium-6 small-12 large-6\"  >\n\t\t\t\t<div class=\"col-inner\"  >\n\t\t\t\n\t\t\t\n\n\t<section class=\"section\" id=\"section_1007237983\">\n\t\t<div class=\"bg section-bg fill bg-fill  bg-loaded\" >\n\n\t\t\t\n\t\t\t\n\t\t\t\n\n\t\t<\/div>\n\n\t\t\n\n\t\t<div class=\"section-content relative\">\n\t\t\t\n\n\t<div class=\"img has-hover x md-x lg-x y md-y lg-y\" id=\"image_2088942601\">\n\t\t\t\t\t\t\t\t<div class=\"img-inner image-cover dark\" style=\"padding-top:125%;\">\n\t\t\t<img loading=\"lazy\" decoding=\"async\" width=\"863\" height=\"1078\" src=\"https:\/\/mplusdesign.eu\/wp-content\/uploads\/2022\/11\/klinika-medycyna-estetyczna-lobby.webp\" class=\"attachment-original size-original\" alt=\"\" srcset=\"https:\/\/mplusdesign.eu\/wp-content\/uploads\/2022\/11\/klinika-medycyna-estetyczna-lobby.webp 863w, https:\/\/mplusdesign.eu\/wp-content\/uploads\/2022\/11\/klinika-medycyna-estetyczna-lobby-240x300.webp 240w, https:\/\/mplusdesign.eu\/wp-content\/uploads\/2022\/11\/klinika-medycyna-estetyczna-lobby-820x1024.webp 820w, https:\/\/mplusdesign.eu\/wp-content\/uploads\/2022\/11\/klinika-medycyna-estetyczna-lobby-768x959.webp 768w, https:\/\/mplusdesign.eu\/wp-content\/uploads\/2022\/11\/klinika-medycyna-estetyczna-lobby-10x12.webp 10w\" sizes=\"auto, (max-width: 863px) 100vw, 863px\" \/>\t\t\t\t\t\t\n\t\t\t\t\t<\/div>\n\t\t\t\t\t\t\t\t\n<style>\n#image_2088942601 {\n  width: 100%;\n}\n<\/style>\n\t<\/div>\n\t\n\n\n\t\t<\/div>\n\n\t\t\n<style>\n#section_1007237983 {\n  padding-top: 0px;\n  padding-bottom: 0px;\n}\n#section_1007237983 .ux-shape-divider--top svg {\n  height: 150px;\n  --divider-top-width: 100%;\n}\n#section_1007237983 .ux-shape-divider--bottom svg {\n  height: 150px;\n  --divider-width: 100%;\n}\n<\/style>\n\t<\/section>\n\t\n\n\t\t<\/div>\n\t\t\t\t\n<style>\n#col-529069473 > .col-inner {\n  padding: 0px 0px 0px 0px;\n  margin: 0px 0px 29px 0px;\n}\n<\/style>\n\t<\/div>\n\n\t\n\n\t<div id=\"col-1708504529\" class=\"col medium-6 small-12 large-6\"  >\n\t\t\t\t<div class=\"col-inner\"  >\n\t\t\t\n\t\t\t\n\n\t<section class=\"section\" id=\"section_1242695597\">\n\t\t<div class=\"bg section-bg fill bg-fill  bg-loaded\" >\n\n\t\t\t\n\t\t\t\n\t\t\t\n\n\t\t<\/div>\n\n\t\t\n\n\t\t<div class=\"section-content relative\">\n\t\t\t\n\n\t<div class=\"img has-hover x md-x lg-x y md-y lg-y\" id=\"image_1423466686\">\n\t\t\t\t\t\t\t\t<div class=\"img-inner image-cover dark\" style=\"padding-top:125%;\">\n\t\t\t<img loading=\"lazy\" decoding=\"async\" width=\"863\" height=\"1078\" src=\"https:\/\/mplusdesign.eu\/wp-content\/uploads\/2022\/11\/klinika-medycyna-estetyczna-logo.webp\" class=\"attachment-original size-original\" alt=\"\" srcset=\"https:\/\/mplusdesign.eu\/wp-content\/uploads\/2022\/11\/klinika-medycyna-estetyczna-logo.webp 863w, https:\/\/mplusdesign.eu\/wp-content\/uploads\/2022\/11\/klinika-medycyna-estetyczna-logo-240x300.webp 240w, https:\/\/mplusdesign.eu\/wp-content\/uploads\/2022\/11\/klinika-medycyna-estetyczna-logo-820x1024.webp 820w, https:\/\/mplusdesign.eu\/wp-content\/uploads\/2022\/11\/klinika-medycyna-estetyczna-logo-768x959.webp 768w, https:\/\/mplusdesign.eu\/wp-content\/uploads\/2022\/11\/klinika-medycyna-estetyczna-logo-10x12.webp 10w\" sizes=\"auto, (max-width: 863px) 100vw, 863px\" \/>\t\t\t\t\t\t\n\t\t\t\t\t<\/div>\n\t\t\t\t\t\t\t\t\n<style>\n#image_1423466686 {\n  width: 100%;\n}\n<\/style>\n\t<\/div>\n\t\n\n\n\t\t<\/div>\n\n\t\t\n<style>\n#section_1242695597 {\n  padding-top: 0px;\n  padding-bottom: 0px;\n}\n#section_1242695597 .ux-shape-divider--top svg {\n  height: 150px;\n  --divider-top-width: 100%;\n}\n#section_1242695597 .ux-shape-divider--bottom svg {\n  height: 150px;\n  --divider-width: 100%;\n}\n<\/style>\n\t<\/section>\n\t\n\n\t\t<\/div>\n\t\t\t\t\n<style>\n#col-1708504529 > .col-inner {\n  margin: 0px 0px 4px 0px;\n}\n<\/style>\n\t<\/div>\n\n\t\n\n<\/div>\n\t<div id=\"gap-274734091\" class=\"gap-element clearfix\" style=\"display:block; height:auto;\">\n\t\t\n<style>\n#gap-274734091 {\n  padding-top: 30px;\n}\n<\/style>\n\t<\/div>\n\t\n\n<div class=\"row\" style=\"max-width:1550px\" id=\"row-1059265663\">\n\n\n\t<div id=\"col-1806015999\" class=\"col small-12 large-12\"  >\n\t\t\t\t<div class=\"col-inner\"  >\n\t\t\t\n\t\t\t\n\n\t<section class=\"section\" id=\"section_988578404\">\n\t\t<div class=\"bg section-bg fill bg-fill  bg-loaded\" >\n\n\t\t\t\n\t\t\t\n\t\t\t\n\n\t\t<\/div>\n\n\t\t\n\n\t\t<div class=\"section-content relative\">\n\t\t\t\n\n<div class=\"row\" style=\"max-width:1584px\" id=\"row-41823474\">\n\n\n\t<div id=\"col-640361959\" class=\"col medium-6 small-12 large-5\"  >\n\t\t\t\t<div class=\"col-inner\"  >\n\t\t\t\n\t\t\t\n\n\t<div id=\"text-3800111306\" class=\"text\">\n\t\t\n\n<p><strong>We have designed a team of aesthetic medicine clinics so that the customer feels that he is in a premium facility from the very first moment. Soft lighting, comfortable furniture, carefully selected floors and wall coverings in the waiting and registration area allow patients to relax. The offices correspond to the standard of medical treatment rooms in hospitals equipped with top-class devices. In the facility, we have also designed a one-day hospital ward, where aesthetic medicine surgeries will be performed in friendly conditions for both clients and doctors.<br>\n<\/strong><\/p>\n\t\t\n<style>\n#text-3800111306 {\n  font-size: 0.85rem;\n  line-height: 1.4;\n  color: #061d3c;\n}\n#text-3800111306 > * {\n  color: #061d3c;\n}\n<\/style>\n\t<\/div>\n\t\n\n\t\t<\/div>\n\t\t\t\t\n<style>\n#col-640361959 > .col-inner {\n  margin: 0px 0px 0px -16px;\n}\n<\/style>\n\t<\/div>\n\n\t\n\n\t<div id=\"col-199412465\" class=\"col show-for-medium medium-6 small-12 large-4\"  >\n\t\t\t\t<div class=\"col-inner\"  >\n\t\t\t\n\t\t\t\n\n\t<div id=\"text-1005959508\" class=\"text\">\n\t\t\n\n<table style=\"border-collapse: collapse; width: 279px; height: 186px;\" border=\"0\" width=\"128\" cellspacing=\"0\" cellpadding=\"0\">\n<tbody>\n<tr style=\"height: 15.0pt;\">\n<td style=\"height: 15.0pt; width: 48pt;\" width=\"64\" height=\"20\">\n<h5><strong>YEAR OF IMPLEMENTATION&nbsp;<\/strong><\/h5>\n<\/td>\n<td style=\"width: 48pt;\" width=\"64\"><strong>during<\/strong><\/td>\n<\/tr>\n<tr style=\"height: 15.0pt;\">\n<td style=\"height: 15.0pt;\" height=\"20\">\n<h5><strong>AREA<\/strong><\/h5>\n<\/td>\n<td><strong>300 m\u00b2<\/strong><\/td>\n<\/tr>\n<tr style=\"height: 15.0pt;\">\n<td style=\"height: 15.0pt;\" height=\"20\">\n<h5><strong>LOCATION<br><\/strong><\/h5>\n<\/td>\n<td><strong>Warsaw<\/strong><\/td>\n<\/tr>\n<\/tbody>\n<\/table>\n<p>&nbsp;<\/p>\n\t\t\n<style>\n#text-1005959508 {\n  font-size: 0.75rem;\n}\n<\/style>\n\t<\/div>\n\t\n\n\t\t<\/div>\n\t\t\t\t\t<\/div>\n\n\t\n\n\t<div id=\"col-121527811\" class=\"col hide-for-medium medium-4 small-11 large-4\"  >\n\t\t\t\t<div class=\"col-inner\"  >\n\t\t\t\n\t\t\t\n\n\t<div id=\"text-446645640\" class=\"text\">\n\t\t\n\n<h5><strong>YEAR OF IMPLEMENTATION<\/strong><\/h5>\n<h5><strong>AREA<\/strong><\/h5>\n<h5><strong>LOCATION<\/strong><\/h5>\n\t\t\n<style>\n#text-446645640 {\n  font-size: 0.75rem;\n  line-height: 3;\n  color: #061d3c;\n}\n#text-446645640 > * {\n  color: #061d3c;\n}\n@media (min-width:550px) {\n  #text-446645640 {\n    line-height: 2.85;\n  }\n}\n@media (min-width:850px) {\n  #text-446645640 {\n    font-size: 0.9rem;\n  }\n}\n<\/style>\n\t<\/div>\n\t\n\n\t\t<\/div>\n\t\t\t\t\n<style>\n#col-121527811 > .col-inner {\n  margin: 29px 0px 0px -29px;\n}\n@media (min-width:550px) {\n  #col-121527811 > .col-inner {\n    margin: 92px 0px 0px 31px;\n  }\n}\n@media (min-width:850px) {\n  #col-121527811 > .col-inner {\n    margin: 17px 0px 0px 267px;\n  }\n}\n<\/style>\n\t<\/div>\n\n\t\n\n\t<div id=\"col-663935884\" class=\"col hide-for-medium medium-2 small-6 large-3\"  >\n\t\t\t\t<div class=\"col-inner\"  >\n\t\t\t\n\t\t\t\n\n\t<div id=\"text-2029847109\" class=\"text\">\n\t\t\n\n<p><strong>during<\/strong><\/p>\n<p><strong>300 m\u00b2<\/strong><\/p>\n<p><strong>Warsaw<\/strong><\/p>\n\t\t\n<style>\n#text-2029847109 {\n  font-size: 0.75rem;\n  line-height: 2.3;\n  color: #061d3c;\n}\n#text-2029847109 > * {\n  color: #061d3c;\n}\n@media (min-width:850px) {\n  #text-2029847109 {\n    font-size: 0.9rem;\n  }\n}\n<\/style>\n\t<\/div>\n\t\n\n\t\t<\/div>\n\t\t\t\t\n<style>\n#col-663935884 > .col-inner {\n  margin: -154px 0px 0px 201px;\n}\n@media (min-width:550px) {\n  #col-663935884 > .col-inner {\n    margin: 92px 0px 0px 43px;\n  }\n}\n@media (min-width:850px) {\n  #col-663935884 > .col-inner {\n    margin: 17px 0px 0px 43px;\n  }\n}\n<\/style>\n\t<\/div>\n\n\t\n\n<\/div>\n\n\t\t<\/div>\n\n\t\t\n<style>\n#section_988578404 {\n  padding-top: 0px;\n  padding-bottom: 0px;\n}\n#section_988578404 .ux-shape-divider--top svg {\n  height: 150px;\n  --divider-top-width: 100%;\n}\n#section_988578404 .ux-shape-divider--bottom svg {\n  height: 150px;\n  --divider-width: 100%;\n}\n<\/style>\n\t<\/section>\n\t\n\n\t\t<\/div>\n\t\t\t\t\t<\/div>\n\n\t\n\n<\/div>\n<div class=\"row row-collapse align-center\" style=\"max-width:1550px\" id=\"row-410444790\">\n\n\n\t<div id=\"col-793531821\" class=\"col medium-6 small-12 large-6\"  >\n\t\t\t\t<div class=\"col-inner\"  >\n\t\t\t\n\t\t\t\n\n\t<section class=\"section\" id=\"section_106303788\">\n\t\t<div class=\"bg section-bg fill bg-fill  bg-loaded\" >\n\n\t\t\t\n\t\t\t\n\t\t\t\n\n\t\t<\/div>\n\n\t\t\n\n\t\t<div class=\"section-content relative\">\n\t\t\t\n\n\t<div class=\"img has-hover x md-x lg-x y md-y lg-y\" id=\"image_1156489016\">\n\t\t\t\t\t\t\t\t<div class=\"img-inner image-cover dark\" style=\"padding-top:125%;\">\n\t\t\t<img loading=\"lazy\" decoding=\"async\" width=\"863\" height=\"1078\" src=\"https:\/\/mplusdesign.eu\/wp-content\/uploads\/2022\/11\/klinika-medycyna-estetyczna-hall.webp\" class=\"attachment-original size-original\" alt=\"\" srcset=\"https:\/\/mplusdesign.eu\/wp-content\/uploads\/2022\/11\/klinika-medycyna-estetyczna-hall.webp 863w, https:\/\/mplusdesign.eu\/wp-content\/uploads\/2022\/11\/klinika-medycyna-estetyczna-hall-240x300.webp 240w, https:\/\/mplusdesign.eu\/wp-content\/uploads\/2022\/11\/klinika-medycyna-estetyczna-hall-820x1024.webp 820w, https:\/\/mplusdesign.eu\/wp-content\/uploads\/2022\/11\/klinika-medycyna-estetyczna-hall-768x959.webp 768w, https:\/\/mplusdesign.eu\/wp-content\/uploads\/2022\/11\/klinika-medycyna-estetyczna-hall-10x12.webp 10w\" sizes=\"auto, (max-width: 863px) 100vw, 863px\" \/>\t\t\t\t\t\t\n\t\t\t\t\t<\/div>\n\t\t\t\t\t\t\t\t\n<style>\n#image_1156489016 {\n  width: 100%;\n}\n<\/style>\n\t<\/div>\n\t\n\n\n\t\t<\/div>\n\n\t\t\n<style>\n#section_106303788 {\n  padding-top: 0px;\n  padding-bottom: 0px;\n}\n#section_106303788 .ux-shape-divider--top svg {\n  height: 150px;\n  --divider-top-width: 100%;\n}\n#section_106303788 .ux-shape-divider--bottom svg {\n  height: 150px;\n  --divider-width: 100%;\n}\n<\/style>\n\t<\/section>\n\t\n\n\t\t<\/div>\n\t\t\t\t\n<style>\n#col-793531821 > .col-inner {\n  padding: 0px 0px 0px 0px;\n  margin: 0px 0px 29px 0px;\n}\n<\/style>\n\t<\/div>\n\n\t\n\n\t<div id=\"col-953924744\" class=\"col medium-6 small-12 large-6\"  >\n\t\t\t\t<div class=\"col-inner\"  >\n\t\t\t\n\t\t\t\n\n\t<section class=\"section\" id=\"section_1787672128\">\n\t\t<div class=\"bg section-bg fill bg-fill  bg-loaded\" >\n\n\t\t\t\n\t\t\t\n\t\t\t\n\n\t\t<\/div>\n\n\t\t\n\n\t\t<div class=\"section-content relative\">\n\t\t\t\n\n\t<div class=\"img has-hover x md-x lg-x y md-y lg-y\" id=\"image_449939081\">\n\t\t\t\t\t\t\t\t<div class=\"img-inner image-cover dark\" style=\"padding-top:125%;\">\n\t\t\t<img loading=\"lazy\" decoding=\"async\" width=\"863\" height=\"1078\" src=\"https:\/\/mplusdesign.eu\/wp-content\/uploads\/2022\/11\/klinika-medycyna-estetyczna-rejestracja.webp\" class=\"attachment-original size-original\" alt=\"\" srcset=\"https:\/\/mplusdesign.eu\/wp-content\/uploads\/2022\/11\/klinika-medycyna-estetyczna-rejestracja.webp 863w, https:\/\/mplusdesign.eu\/wp-content\/uploads\/2022\/11\/klinika-medycyna-estetyczna-rejestracja-240x300.webp 240w, https:\/\/mplusdesign.eu\/wp-content\/uploads\/2022\/11\/klinika-medycyna-estetyczna-rejestracja-820x1024.webp 820w, https:\/\/mplusdesign.eu\/wp-content\/uploads\/2022\/11\/klinika-medycyna-estetyczna-rejestracja-768x959.webp 768w, https:\/\/mplusdesign.eu\/wp-content\/uploads\/2022\/11\/klinika-medycyna-estetyczna-rejestracja-10x12.webp 10w\" sizes=\"auto, (max-width: 863px) 100vw, 863px\" \/>\t\t\t\t\t\t\n\t\t\t\t\t<\/div>\n\t\t\t\t\t\t\t\t\n<style>\n#image_449939081 {\n  width: 100%;\n}\n<\/style>\n\t<\/div>\n\t\n\n\n\t\t<\/div>\n\n\t\t\n<style>\n#section_1787672128 {\n  padding-top: 0px;\n  padding-bottom: 0px;\n}\n#section_1787672128 .ux-shape-divider--top svg {\n  height: 150px;\n  --divider-top-width: 100%;\n}\n#section_1787672128 .ux-shape-divider--bottom svg {\n  height: 150px;\n  --divider-width: 100%;\n}\n<\/style>\n\t<\/section>\n\t\n\n\t\t<\/div>\n\t\t\t\t\n<style>\n#col-953924744 > .col-inner {\n  margin: 0px 0px 4px 0px;\n}\n<\/style>\n\t<\/div>\n\n\t\n\n<\/div>\n\t<div id=\"gap-1165333954\" class=\"gap-element clearfix\" style=\"display:block; height:auto;\">\n\t\t\n<style>\n#gap-1165333954 {\n  padding-top: 87px;\n}\n@media (min-width:550px) {\n  #gap-1165333954 {\n    padding-top: 164px;\n  }\n}\n<\/style>\n\t<\/div>\n\t\n\n<div class=\"row show-for-small\"  id=\"row-57388378\">\n\n\n\t<div id=\"col-1636367117\" class=\"col small-12 large-12\"  >\n\t\t\t\t<div class=\"col-inner text-center\"  >\n\t\t\t\n\t\t\t\n\n<a href=\"https:\/\/mplusdesign.eu\/en\/projekty\/gabinety-stomatologia\/gabinety-stomatologia\/\" target=\"_self\" class=\"button primary is-outline lowercase\"  style=\"border-radius:99px;\">\n  <i class=\"icon-angle-left\" aria-hidden=\"true\" ><\/i>  <span>Prev<\/span>\n  <\/a>\n\n\n<a href=\"https:\/\/mplusdesign.eu\/en\/salve-przychodnie\/\" target=\"_self\" class=\"button primary is-outline lowercase\"  style=\"border-radius:99px;\">\n    <span>Next<\/span>\n  <i class=\"icon-angle-right\" aria-hidden=\"true\" ><\/i><\/a>\n\n\n\n\t\t<\/div>\n\t\t\t\t\n<style>\n#col-1636367117 > .col-inner {\n  margin: 0px 0px 0px 0px;\n}\n<\/style>\n\t<\/div>\n\n\t\n\n<\/div>\n<div class=\"row hide-for-small\" style=\"max-width:1584px\" id=\"row-1209472045\">\n\n\n\t<div id=\"col-605307619\" class=\"col medium-4 small-12 large-4\"  >\n\t\t\t\t<div class=\"col-inner\"  >\n\t\t\t\n\t\t\t\n\n<a href=\"https:\/\/mplusdesign.eu\/en\/projekty\/gabinety-stomatologia\/gabinety-stomatologia\/\" target=\"_self\" class=\"button primary is-outline lowercase\"  style=\"border-radius:99px;\">\n  <i class=\"icon-angle-left\" aria-hidden=\"true\" ><\/i>  <span>Prev<\/span>\n  <\/a>\n\n\n\n\t\t<\/div>\n\t\t\t\t\t<\/div>\n\n\t\n\n\t<div id=\"col-1491073871\" class=\"col medium-4 small-12 large-4\"  >\n\t\t\t\t<div class=\"col-inner\"  >\n\t\t\t\n\t\t\t\n\n\n\t\t<\/div>\n\t\t\t\t\t<\/div>\n\n\t\n\n\t<div id=\"col-1549100681\" class=\"col medium-4 small-12 large-4\"  >\n\t\t\t\t<div class=\"col-inner text-right\"  >\n\t\t\t\n\t\t\t\n\n<a href=\"https:\/\/mplusdesign.eu\/en\/salve-przychodnie\/\" target=\"_self\" class=\"button primary is-outline lowercase\"  style=\"border-radius:99px;\">\n    <span>Next<\/span>\n  <i class=\"icon-angle-right\" aria-hidden=\"true\" ><\/i><\/a>\n\n\n\n\t\t<\/div>\n\t\t\t\t\t<\/div>\n\n\t\n\n<\/div>","protected":false},"excerpt":{"rendered":"","protected":false},"author":1,"featured_media":0,"parent":452,"menu_order":0,"comment_status":"closed","ping_status":"closed","template":"page-blank.php","meta":{"footnotes":""},"class_list":["post-720","page","type-page","status-publish","hentry"],"_links":{"self":[{"href":"https:\/\/mplusdesign.eu\/en\/wp-json\/wp\/v2\/pages\/720","targetHints":{"allow":["GET"]}}],"collection":[{"href":"https:\/\/mplusdesign.eu\/en\/wp-json\/wp\/v2\/pages"}],"about":[{"href":"https:\/\/mplusdesign.eu\/en\/wp-json\/wp\/v2\/types\/page"}],"author":[{"embeddable":true,"href":"https:\/\/mplusdesign.eu\/en\/wp-json\/wp\/v2\/users\/1"}],"replies":[{"embeddable":true,"href":"https:\/\/mplusdesign.eu\/en\/wp-json\/wp\/v2\/comments?post=720"}],"version-history":[{"count":29,"href":"https:\/\/mplusdesign.eu\/en\/wp-json\/wp\/v2\/pages\/720\/revisions"}],"predecessor-version":[{"id":1952,"href":"https:\/\/mplusdesign.eu\/en\/wp-json\/wp\/v2\/pages\/720\/revisions\/1952"}],"up":[{"embeddable":true,"href":"https:\/\/mplusdesign.eu\/en\/wp-json\/wp\/v2\/pages\/452"}],"wp:attachment":[{"href":"https:\/\/mplusdesign.eu\/en\/wp-json\/wp\/v2\/media?parent=720"}],"curies":[{"name":"wp","href":"https:\/\/api.w.org\/{rel}","templated":true}]}}