{"id":13,"date":"2022-10-17T13:24:15","date_gmt":"2022-10-17T11:24:15","guid":{"rendered":"https:\/\/mplusdesign.pl.colorbased.pl\/?page_id=13"},"modified":"2022-11-27T11:57:05","modified_gmt":"2022-11-27T10:57:05","slug":"kontakt","status":"publish","type":"page","link":"https:\/\/mplusdesign.eu\/en\/kontakt\/","title":{"rendered":"contact"},"content":{"rendered":"<section class=\"section\" id=\"section_975294102\">\n\t\t<div class=\"bg section-bg fill bg-fill  bg-loaded\" >\n\n\t\t\t\n\t\t\t\n\t\t\t\n\n\t\t<\/div>\n\n\t\t\n\n\t\t<div class=\"section-content relative\">\n\t\t\t\n\n<div class=\"row row-full-width\"  id=\"row-2125562003\">\n\n\n\t<div id=\"col-1893607389\" class=\"col small-12 large-12\"  >\n\t\t\t\t<div class=\"col-inner\"  >\n\t\t\t\n\t\t\t\n\n\n  <div class=\"banner has-hover\" id=\"banner-441884856\">\n          <div class=\"banner-inner fill\">\n        <div class=\"banner-bg fill\" >\n            <div class=\"bg fill bg-fill\"><\/div>\n                                    \n                    <\/div>\n\t\t\n        <div class=\"banner-layers container\">\n            <div class=\"fill banner-link\"><\/div>            \n\n   <div id=\"text-box-1097373534\" class=\"text-box banner-layer x50 md-x50 lg-x50 y50 md-y50 lg-y50 res-text\">\n                                <div class=\"text-box-content text dark\">\n              \n              <div class=\"text-inner text-center\">\n                  \n\n\n              <\/div>\n           <\/div>\n                            \n<style>\n#text-box-1097373534 {\n  width: 60%;\n}\n#text-box-1097373534 .text-box-content {\n  font-size: 100%;\n}\n<\/style>\n    <\/div>\n \n\n        <\/div>\n      <\/div>\n\n            \n<style>\n#banner-441884856 {\n  padding-top: 199px;\n}\n#banner-441884856 .bg.bg-loaded {\n  background-image: url(https:\/\/mplusdesign.eu\/wp-content\/uploads\/2022\/11\/za__cznik-12_kontakt-biuro-1024x683.webp);\n}\n#banner-441884856 .ux-shape-divider--top svg {\n  height: 150px;\n  --divider-top-width: 100%;\n}\n#banner-441884856 .ux-shape-divider--bottom svg {\n  height: 150px;\n  --divider-width: 100%;\n}\n@media (min-width:550px) {\n  #banner-441884856 {\n    padding-top: 500px;\n  }\n}\n<\/style>\n  <\/div>\n\n\n\n\t\t<\/div>\n\t\t\t\t\t<\/div>\n\n\t\n\n<\/div>\n\n\t\t<\/div>\n\n\t\t\n<style>\n#section_975294102 {\n  padding-top: 30px;\n  padding-bottom: 30px;\n}\n#section_975294102 .ux-shape-divider--top svg {\n  height: 150px;\n  --divider-top-width: 100%;\n}\n#section_975294102 .ux-shape-divider--bottom svg {\n  height: 150px;\n  --divider-width: 100%;\n}\n<\/style>\n\t<\/section>\n\t\n<div class=\"row row-collapse\" style=\"max-width:1400px\" id=\"row-2001917267\">\n\n\n\t<div id=\"col-958111379\" class=\"col medium-4 small-12 large-4\"  >\n\t\t\t\t<div class=\"col-inner\"  >\n\t\t\t\n\t\t\t\n\n<div class=\"row\"  id=\"row-676646034\">\n\n\n\t<div id=\"col-444396797\" class=\"col medium-12 small-12 large-11\"  >\n\t\t\t\t<div class=\"col-inner\"  >\n\t\t\t\n\t\t\t\n\n\t<div id=\"text-589867994\" class=\"text\">\n\t\t\n\n<h2 class=\"uppercase\">CONTACT<\/h2>\n\t\t\n<style>\n#text-589867994 {\n  color: #061d3c;\n}\n#text-589867994 > * {\n  color: #061d3c;\n}\n<\/style>\n\t<\/div>\n\t\n\t<div id=\"gap-1575843203\" class=\"gap-element clearfix\" style=\"display:block; height:auto;\">\n\t\t\n<style>\n#gap-1575843203 {\n  padding-top: 30px;\n}\n<\/style>\n\t<\/div>\n\t\n\n\t<div id=\"text-3263887231\" class=\"text\">\n\t\t\n\n<h5 class=\"uppercase\">PHONE<\/h5>\n<p>+48 698 102 772<\/p>\n\t\t\n<style>\n#text-3263887231 {\n  font-size: 1.15rem;\n  color: #061d3c;\n}\n#text-3263887231 > * {\n  color: #061d3c;\n}\n<\/style>\n\t<\/div>\n\t\n\t<div id=\"text-1831208510\" class=\"text\">\n\t\t\n\n<h5 class=\"uppercase\">MAIL<\/h5>\n<p>biuro@mplusdesign.eu<\/p>\n<p>sekretariat@mplusdesign.eu<\/p>\n\t\t\n<style>\n#text-1831208510 {\n  font-size: 1.15rem;\n  color: #061d3c;\n}\n#text-1831208510 > * {\n  color: #061d3c;\n}\n<\/style>\n\t<\/div>\n\t\n\t<div id=\"text-3918514590\" class=\"text\">\n\t\t\n\n<h5 class=\"uppercase\">OFFICE<\/h5>\n<p>pl. Komuny Paryskiej 5A<br>\nloc. 703, 7th floor<br>\n90-007 \u0141\u00f3d\u017a<\/p>\n\t\t\n<style>\n#text-3918514590 {\n  font-size: 1.15rem;\n  color: #061d3c;\n}\n#text-3918514590 > * {\n  color: #061d3c;\n}\n<\/style>\n\t<\/div>\n\t\n<div class=\"row\"  id=\"row-676583794\">\n\n\n\t<div id=\"col-1537256307\" class=\"col medium-3 small-3 large-3\"  >\n\t\t\t\t<div class=\"col-inner\"  >\n\t\t\t\n\t\t\t\n\n\t<div class=\"img has-hover x md-x lg-x y md-y lg-y\" id=\"image_674097344\">\n\t\t<a class=\"\" href=\"https:\/\/www.instagram.com\/m.plus.design\/\" target=\"_blank\" rel=\"noopener noreferrer\" >\t\t\t\t\t\t<div class=\"img-inner dark\" >\n\t\t\t<img loading=\"lazy\" decoding=\"async\" width=\"512\" height=\"512\" src=\"https:\/\/mplusdesign.eu\/wp-content\/uploads\/2022\/10\/instagram-1-2.png\" class=\"attachment-large size-large\" alt=\"\" srcset=\"https:\/\/mplusdesign.eu\/wp-content\/uploads\/2022\/10\/instagram-1-2.png 512w, https:\/\/mplusdesign.eu\/wp-content\/uploads\/2022\/10\/instagram-1-2-300x300.png 300w, https:\/\/mplusdesign.eu\/wp-content\/uploads\/2022\/10\/instagram-1-2-150x150.png 150w, https:\/\/mplusdesign.eu\/wp-content\/uploads\/2022\/10\/instagram-1-2-12x12.png 12w\" sizes=\"auto, (max-width: 512px) 100vw, 512px\" \/>\t\t\t\t\t\t\n\t\t\t\t\t<\/div>\n\t\t\t\t\t\t<\/a>\t\t\n<style>\n#image_674097344 {\n  width: 69%;\n}\n@media (min-width:850px) {\n  #image_674097344 {\n    width: 38%;\n  }\n}\n<\/style>\n\t<\/div>\n\t\n\n\n\t\t<\/div>\n\t\t\t\t\t<\/div>\n\n\t\n\n\t<div id=\"col-405752647\" class=\"col medium-3 small-3 large-3\"  >\n\t\t\t\t<div class=\"col-inner\"  >\n\t\t\t\n\t\t\t\n\n\t<div class=\"img has-hover x md-x lg-x y md-y lg-y\" id=\"image_1176478321\">\n\t\t<a class=\"\" href=\"https:\/\/www.facebook.com\/mplusdesign.eu\" target=\"_blank\" rel=\"noopener noreferrer\" >\t\t\t\t\t\t<div class=\"img-inner dark\" >\n\t\t\t<img loading=\"lazy\" decoding=\"async\" width=\"512\" height=\"512\" src=\"https:\/\/mplusdesign.eu\/wp-content\/uploads\/2022\/10\/facebook-2-1.png\" class=\"attachment-large size-large\" alt=\"\" srcset=\"https:\/\/mplusdesign.eu\/wp-content\/uploads\/2022\/10\/facebook-2-1.png 512w, https:\/\/mplusdesign.eu\/wp-content\/uploads\/2022\/10\/facebook-2-1-300x300.png 300w, https:\/\/mplusdesign.eu\/wp-content\/uploads\/2022\/10\/facebook-2-1-150x150.png 150w, https:\/\/mplusdesign.eu\/wp-content\/uploads\/2022\/10\/facebook-2-1-12x12.png 12w\" sizes=\"auto, (max-width: 512px) 100vw, 512px\" \/>\t\t\t\t\t\t\n\t\t\t\t\t<\/div>\n\t\t\t\t\t\t<\/a>\t\t\n<style>\n#image_1176478321 {\n  width: 69%;\n}\n@media (min-width:850px) {\n  #image_1176478321 {\n    width: 38%;\n  }\n}\n<\/style>\n\t<\/div>\n\t\n\n\n\t\t<\/div>\n\t\t\t\t\t<\/div>\n\n\t\n\n\t<div id=\"col-1047895606\" class=\"col medium-3 small-3 large-3\"  >\n\t\t\t\t<div class=\"col-inner\"  >\n\t\t\t\n\t\t\t\n\n\t<div class=\"img has-hover x md-x lg-x y md-y lg-y\" id=\"image_1811598661\">\n\t\t<a class=\"\" href=\"https:\/\/www.linkedin.com\/company\/mplusdesignstudio\/\" target=\"_blank\" rel=\"noopener noreferrer\" >\t\t\t\t\t\t<div class=\"img-inner dark\" >\n\t\t\t<img loading=\"lazy\" decoding=\"async\" width=\"512\" height=\"512\" src=\"https:\/\/mplusdesign.eu\/wp-content\/uploads\/2022\/10\/linkedin-1.png\" class=\"attachment-large size-large\" alt=\"\" srcset=\"https:\/\/mplusdesign.eu\/wp-content\/uploads\/2022\/10\/linkedin-1.png 512w, https:\/\/mplusdesign.eu\/wp-content\/uploads\/2022\/10\/linkedin-1-300x300.png 300w, https:\/\/mplusdesign.eu\/wp-content\/uploads\/2022\/10\/linkedin-1-150x150.png 150w, https:\/\/mplusdesign.eu\/wp-content\/uploads\/2022\/10\/linkedin-1-12x12.png 12w\" sizes=\"auto, (max-width: 512px) 100vw, 512px\" \/>\t\t\t\t\t\t\n\t\t\t\t\t<\/div>\n\t\t\t\t\t\t<\/a>\t\t\n<style>\n#image_1811598661 {\n  width: 69%;\n}\n@media (min-width:550px) {\n  #image_1811598661 {\n    width: 67%;\n  }\n}\n@media (min-width:850px) {\n  #image_1811598661 {\n    width: 38%;\n  }\n}\n<\/style>\n\t<\/div>\n\t\n\n\n\t\t<\/div>\n\t\t\t\t\t<\/div>\n\n\t\n\n\t<div id=\"col-117340753\" class=\"col medium-3 small-3 large-3\"  >\n\t\t\t\t<div class=\"col-inner\"  >\n\t\t\t\n\t\t\t\n\n\t<div class=\"img has-hover x md-x lg-x y md-y lg-y\" id=\"image_1527043848\">\n\t\t<a class=\"\" href=\"https:\/\/www.behance.net\/czachorbiuro\" target=\"_blank\" rel=\"noopener noreferrer\" >\t\t\t\t\t\t<div class=\"img-inner dark\" >\n\t\t\t<img loading=\"lazy\" decoding=\"async\" width=\"512\" height=\"512\" src=\"https:\/\/mplusdesign.eu\/wp-content\/uploads\/2022\/10\/behance-1.png\" class=\"attachment-large size-large\" alt=\"\" srcset=\"https:\/\/mplusdesign.eu\/wp-content\/uploads\/2022\/10\/behance-1.png 512w, https:\/\/mplusdesign.eu\/wp-content\/uploads\/2022\/10\/behance-1-300x300.png 300w, https:\/\/mplusdesign.eu\/wp-content\/uploads\/2022\/10\/behance-1-150x150.png 150w, https:\/\/mplusdesign.eu\/wp-content\/uploads\/2022\/10\/behance-1-12x12.png 12w\" sizes=\"auto, (max-width: 512px) 100vw, 512px\" \/>\t\t\t\t\t\t\n\t\t\t\t\t<\/div>\n\t\t\t\t\t\t<\/a>\t\t\n<style>\n#image_1527043848 {\n  width: 75%;\n}\n@media (min-width:850px) {\n  #image_1527043848 {\n    width: 48%;\n  }\n}\n<\/style>\n\t<\/div>\n\t\n\n\n\t\t<\/div>\n\t\t\t\t\t<\/div>\n\n\t\n\n<\/div>\n\n\t\t<\/div>\n\t\t\t\t\n<style>\n#col-444396797 > .col-inner {\n  margin: 19px 0px 0px 21px;\n}\n@media (min-width:550px) {\n  #col-444396797 > .col-inner {\n    margin: 27px 0px 0px 12px;\n  }\n}\n@media (min-width:850px) {\n  #col-444396797 > .col-inner {\n    margin: 23px 0px 0px 0px;\n  }\n}\n<\/style>\n\t<\/div>\n\n\t\n\n<\/div>\n\n\t\t<\/div>\n\t\t\t\t\t<\/div>\n\n\t\n\n\t<div id=\"col-1025808155\" class=\"col medium-8 small-12 large-8\"  >\n\t\t\t\t<div class=\"col-inner\"  >\n\t\t\t\n\t\t\t\n\n<div class=\"row\"  id=\"row-421150763\">\n\n\n\t<div id=\"col-462939528\" class=\"col small-12 large-12\"  >\n\t\t\t\t<div class=\"col-inner\"  >\n\t\t\t\n\t\t\t\n\n\n  <div class=\"banner has-hover\" id=\"banner-727447130\">\n          <div class=\"banner-inner fill\">\n        <div class=\"banner-bg fill\" >\n            <div class=\"bg fill bg-fill\"><\/div>\n                                    \n                    <\/div>\n\t\t\n        <div class=\"banner-layers container\">\n            <div class=\"fill banner-link\"><\/div>            \n\n   <div id=\"text-box-948705247\" class=\"text-box banner-layer x0 md-x0 lg-x0 y5 md-y5 lg-y5 res-text\">\n                                <div class=\"text-box-content text dark\">\n              \n              <div class=\"text-inner text-center\">\n                  \n\n<div class=\"row row-collapse row-full-width\"  id=\"row-896653461\">\n\n\n\t<div id=\"col-1027187872\" class=\"col medium-9 small-12 large-10\"  >\n\t\t\t\t<div class=\"col-inner\"  >\n\t\t\t\n\t\t\t\n\n\t<div id=\"text-2437349422\" class=\"text\">\n\t\t\n\n<h5>plac Komuny Paryskiej 5A<\/h5>\n<p style=\"text-align: left;\"><strong>plac Komuny Paryskiej 5A, 90-007 \u0141\u00f3d\u017a, Poland<\/strong><\/p>\n<p style=\"text-align: left;\"><strong><a href=\"https:\/\/maps.google.com\/maps?ll=51.764329,19.460366&amp;z=17&amp;t=m&amp;hl=en&amp;gl=MA&amp;mapclient=embed&amp;q=plac%20Komuny%20Paryskiej%205A%2090-007%20%C5%81%C3%B3d%C5%BA%20Poland\" target=\"_blank\" rel=\"noopener\" aria-label=\"View larger map\">View larger map<\/a><\/strong><\/p>\n\t\t\n<style>\n#text-2437349422 {\n  font-size: 0.75rem;\n  text-align: left;\n  color: #061d3c;\n}\n#text-2437349422 > * {\n  color: #061d3c;\n}\n<\/style>\n\t<\/div>\n\t\n\n\t\t<\/div>\n\t\t\t\t\n<style>\n#col-1027187872 > .col-inner {\n  padding: 0px 0px 0px 20px;\n  margin: 0px 0px 0px 0px;\n}\n<\/style>\n\t<\/div>\n\n\t\n\n\t<div id=\"col-906608266\" class=\"col medium-3 small-5 large-2\"  >\n\t\t\t\t<div class=\"col-inner\" style=\"background-color:rgb(255,255,255);\" >\n\t\t\t\n\t\t\t\n\n\n\t\t<div class=\"icon-box featured-box hide-for-small icon-box-center text-center\"  style=\"margin:0px 0px 0px 0px;\">\n\t\t\t\t\t<div class=\"icon-box-img\" style=\"width: 36px\">\n\t\t\t\t<div class=\"icon\">\n\t\t\t\t\t<div class=\"icon-inner\" >\n\t\t\t\t\t\t<img loading=\"lazy\" decoding=\"async\" width=\"300\" height=\"300\" src=\"https:\/\/mplusdesign.eu\/wp-content\/uploads\/2022\/11\/directional-arrows-300x300.png\" class=\"attachment-medium size-medium\" alt=\"\" srcset=\"https:\/\/mplusdesign.eu\/wp-content\/uploads\/2022\/11\/directional-arrows-300x300.png 300w, https:\/\/mplusdesign.eu\/wp-content\/uploads\/2022\/11\/directional-arrows-150x150.png 150w, https:\/\/mplusdesign.eu\/wp-content\/uploads\/2022\/11\/directional-arrows-12x12.png 12w, https:\/\/mplusdesign.eu\/wp-content\/uploads\/2022\/11\/directional-arrows.png 512w\" sizes=\"auto, (max-width: 300px) 100vw, 300px\" \/>\t\t\t\t\t<\/div>\n\t\t\t\t<\/div>\n\t\t\t<\/div>\n\t\t\t\t<div class=\"icon-box-text last-reset\">\n\t\t\t\t\t\t\t\t\t\n\n\t<div id=\"text-2274927020\" class=\"text\">\n\t\t\n\n<div class=\"navigate-text\"><a href=\"https:\/\/www.google.com\/maps\/place\/plac+Komuny+Paryskiej+5A,+90-007+%C5%81%C3%B3d%C5%BA,+Poland\/@51.7643293,19.4581777,17z\/data=!3m1!4b1!4m5!3m4!1s0x471bcb2b2aea8365:0x3e62c3cf7dc07af!8m2!3d51.7643293!4d19.4603664?hl=pl\" target=\"_blank\" rel=\"noopener\"><span style=\"font-size: 100%;\">Directions<\/span><\/a><\/div>\n<div>\u00a0<\/div>\n<div>\u00a0<\/div>\n\t\t\n<style>\n#text-2274927020 {\n  font-size: 0.75rem;\n  color: #061d3c;\n}\n#text-2274927020 > * {\n  color: #061d3c;\n}\n<\/style>\n\t<\/div>\n\t\n\n\t\t<\/div>\n\t<\/div>\n\t\n\t\n\n\t\t<\/div>\n\t\t\t\t\n<style>\n#col-906608266 > .col-inner {\n  padding: 0px 0px 0px 0px;\n}\n<\/style>\n\t<\/div>\n\n\t\n\n\n<style>\n#row-896653461 > .col > .col-inner {\n  background-color: rgb(255,255,255);\n}\n<\/style>\n<\/div>\n<div class=\"row\"  id=\"row-692279244\">\n\n\n\t<div id=\"col-268492033\" class=\"col medium-2 small-12 large-2\"  >\n\t\t\t\t<div class=\"col-inner\"  >\n\t\t\t\n\t\t\t\n\n\n\t<a class=\"plain\" href=\"https:\/\/www.google.com\/maps\/place\/plac+Komuny+Paryskiej+5A,+90-007+%C5%81%C3%B3d%C5%BA,+Poland\/@51.7643293,19.4581777,17z\/data=!3m1!4b1!4m5!3m4!1s0x471bcb2b2aea8365:0x3e62c3cf7dc07af!8m2!3d51.7643293!4d19.4603664?hl=pl\" target=\"_blank\" rel=\"noopener noreferrer\" >\t<div class=\"icon-box featured-box icon-box-top text-left\"  >\n\t\t\t\t\t<div class=\"icon-box-img\" style=\"width: 29px\">\n\t\t\t\t<div class=\"icon\">\n\t\t\t\t\t<div class=\"icon-inner\" >\n\t\t\t\t\t\t<img loading=\"lazy\" decoding=\"async\" width=\"300\" height=\"300\" src=\"https:\/\/mplusdesign.eu\/wp-content\/uploads\/2022\/11\/placeholder-300x300.png\" class=\"attachment-medium size-medium\" alt=\"\" srcset=\"https:\/\/mplusdesign.eu\/wp-content\/uploads\/2022\/11\/placeholder-300x300.png 300w, https:\/\/mplusdesign.eu\/wp-content\/uploads\/2022\/11\/placeholder-150x150.png 150w, https:\/\/mplusdesign.eu\/wp-content\/uploads\/2022\/11\/placeholder-12x12.png 12w, https:\/\/mplusdesign.eu\/wp-content\/uploads\/2022\/11\/placeholder.png 512w\" sizes=\"auto, (max-width: 300px) 100vw, 300px\" \/>\t\t\t\t\t<\/div>\n\t\t\t\t<\/div>\n\t\t\t<\/div>\n\t\t\t\t<div class=\"icon-box-text last-reset\">\n\t\t\t\t\t\t\t\t\t\n\n\n\t\t<\/div>\n\t<\/div>\n\t<\/a>\n\t\n\n\t\t<\/div>\n\t\t\t\t\n<style>\n#col-268492033 > .col-inner {\n  margin: 85px 0px -112px 164px;\n}\n@media (min-width:550px) {\n  #col-268492033 > .col-inner {\n    margin: 132px 0px -206px 75px;\n  }\n}\n@media (min-width:850px) {\n  #col-268492033 > .col-inner {\n    margin: 104px 0px -112px 264px;\n  }\n}\n<\/style>\n\t<\/div>\n\n\t\n\n<\/div>\n\n              <\/div>\n           <\/div>\n                            \n<style>\n#text-box-948705247 {\n  width: 73%;\n}\n#text-box-948705247 .text-box-content {\n  font-size: 100%;\n}\n@media (min-width:850px) {\n  #text-box-948705247 {\n    width: 43%;\n  }\n}\n<\/style>\n    <\/div>\n \n\n        <\/div>\n      <\/div>\n\n            \n<style>\n#banner-727447130 {\n  padding-top: 500px;\n}\n#banner-727447130 .bg.bg-loaded {\n  background-image: url(https:\/\/mplusdesign.eu\/wp-content\/uploads\/2022\/11\/Zrzut-ekranu-2022-11-09-091746.jpg);\n}\n#banner-727447130 .ux-shape-divider--top svg {\n  height: 150px;\n  --divider-top-width: 100%;\n}\n#banner-727447130 .ux-shape-divider--bottom svg {\n  height: 150px;\n  --divider-width: 100%;\n}\n<\/style>\n  <\/div>\n\n\n\n\t\t<\/div>\n\t\t\t\t\t<\/div>\n\n\t\n\n<\/div>\n\n\t\t<\/div>\n\t\t\t\t\n<style>\n#col-1025808155 > .col-inner {\n  margin: 0px 0px 0px 0px;\n}\n@media (min-width:550px) {\n  #col-1025808155 > .col-inner {\n    margin: 27px 0px 0px 10px;\n  }\n}\n@media (min-width:850px) {\n  #col-1025808155 > .col-inner {\n    margin: 67px 0px 0px 0px;\n  }\n}\n<\/style>\n\t<\/div>\n\n\t\n\n<\/div>","protected":false},"excerpt":{"rendered":"","protected":false},"author":1,"featured_media":0,"parent":0,"menu_order":0,"comment_status":"closed","ping_status":"closed","template":"page-blank.php","meta":{"footnotes":""},"class_list":["post-13","page","type-page","status-publish","hentry"],"_links":{"self":[{"href":"https:\/\/mplusdesign.eu\/en\/wp-json\/wp\/v2\/pages\/13","targetHints":{"allow":["GET"]}}],"collection":[{"href":"https:\/\/mplusdesign.eu\/en\/wp-json\/wp\/v2\/pages"}],"about":[{"href":"https:\/\/mplusdesign.eu\/en\/wp-json\/wp\/v2\/types\/page"}],"author":[{"embeddable":true,"href":"https:\/\/mplusdesign.eu\/en\/wp-json\/wp\/v2\/users\/1"}],"replies":[{"embeddable":true,"href":"https:\/\/mplusdesign.eu\/en\/wp-json\/wp\/v2\/comments?post=13"}],"version-history":[{"count":18,"href":"https:\/\/mplusdesign.eu\/en\/wp-json\/wp\/v2\/pages\/13\/revisions"}],"predecessor-version":[{"id":1610,"href":"https:\/\/mplusdesign.eu\/en\/wp-json\/wp\/v2\/pages\/13\/revisions\/1610"}],"wp:attachment":[{"href":"https:\/\/mplusdesign.eu\/en\/wp-json\/wp\/v2\/media?parent=13"}],"curies":[{"name":"wp","href":"https:\/\/api.w.org\/{rel}","templated":true}]}}